{"id":6419,"date":"2024-04-23T19:22:42","date_gmt":"2024-04-23T19:22:42","guid":{"rendered":"https:\/\/lumina-skin.com\/?page_id=6419"},"modified":"2024-11-25T21:19:53","modified_gmt":"2024-11-25T21:19:53","slug":"gracias-por-tu-compra","status":"publish","type":"page","link":"https:\/\/lumina-skin.com\/en\/gracias-por-tu-compra\/","title":{"rendered":"Gracias por tu compra!"},"content":{"rendered":"\t\t<div data-elementor-type=\"wp-page\" data-elementor-id=\"6419\" class=\"elementor elementor-6419\" data-elementor-post-type=\"page\">\n\t\t\t\t<div class=\"elementor-element elementor-element-3c744bde e-flex e-con-boxed wpr-particle-no wpr-jarallax-no wpr-parallax-no wpr-sticky-section-no wpr-equal-height-no e-con e-parent\" data-id=\"3c744bde\" data-element_type=\"container\" data-e-type=\"container\">\n\t\t\t\t\t<div class=\"e-con-inner\">\n\t\t<div class=\"elementor-element elementor-element-308c1eb e-con-full e-flex wpr-particle-no wpr-jarallax-no wpr-parallax-no wpr-sticky-section-no wpr-equal-height-no e-con e-child\" data-id=\"308c1eb\" data-element_type=\"container\" data-e-type=\"container\">\n\t\t\t\t<div class=\"elementor-element elementor-element-d4bb73b elementor-widget elementor-widget-heading\" data-id=\"d4bb73b\" data-element_type=\"widget\" data-e-type=\"widget\" data-widget_type=\"heading.default\">\n\t\t\t\t<div class=\"elementor-widget-container\">\n\t\t\t\t\t<h2 class=\"elementor-heading-title elementor-size-default\">\u00a1Gracias por tu compra! \ud83c\udf1f <br>Tu camino hacia el cuidado natural comienza aqu\u00ed<\/h2>\t\t\t\t<\/div>\n\t\t\t\t<\/div>\n\t\t\t\t<div class=\"elementor-element elementor-element-198d9f20 elementor-widget elementor-widget-text-editor\" data-id=\"198d9f20\" data-element_type=\"widget\" data-e-type=\"widget\" data-widget_type=\"text-editor.default\">\n\t\t\t\t<div class=\"elementor-widget-container\">\n\t\t\t\t\t\t\t\t\tcliente\t\t\t\t\t\t\t\t<\/div>\n\t\t\t\t<\/div>\n\t\t\t\t<div class=\"elementor-element elementor-element-3377234 elementor-widget elementor-widget-text-editor\" data-id=\"3377234\" data-element_type=\"widget\" data-e-type=\"widget\" data-widget_type=\"text-editor.default\">\n\t\t\t\t<div class=\"elementor-widget-container\">\n\t\t\t\t\t\t\t\t\tEstos son los detalles de tu pedido:\t\t\t\t\t\t\t\t<\/div>\n\t\t\t\t<\/div>\n\t\t\t\t<div class=\"elementor-element elementor-element-bd69978 elementor-widget elementor-widget-text-editor\" data-id=\"bd69978\" data-element_type=\"widget\" data-e-type=\"widget\" data-widget_type=\"text-editor.default\">\n\t\t\t\t<div class=\"elementor-widget-container\">\n\t\t\t\t\t\t\t\t\t<p><span style=\"font-weight: 400;\">\u00a1Muchas gracias por tu compra en nuestra tienda en l\u00ednea! \ud83d\ude4c Estoy emocionada de ser parte de tu viaje hacia un cuidado m\u00e1s consciente y natural. \ud83c\udf38<\/span><\/p>\n<p><b>Tu elecci\u00f3n significa mucho para nosotros<\/b><span style=\"font-weight: 400;\">, y queremos asegurarnos de que aproveches al m\u00e1ximo los productos que has adquirido. Para ayudarte, comparto regularmente consejos, tutoriales, y gu\u00edas sobre c\u00f3mo usar nuestros productos, adem\u00e1s de pr\u00e1cticas como el yoga facial, Gua Sha y m\u00e1s, en mis redes sociales.<\/span><\/p>\n<p><b>\ud83d\udcf2 S\u00edgueme aqu\u00ed para m\u00e1s inspiraci\u00f3n y aprendizaje:<\/b><b><br \/><\/b><span style=\"font-weight: 400;\">\ud83d\udd17 <\/span><b>[Linktree]<\/b><a href=\"https:\/\/linktr.ee\/Luminaskincenter\" rel=\"noopener\"> <span style=\"font-weight: 400;\">https:\/\/linktr.ee\/Luminaskincenter<\/span><span style=\"font-weight: 400;\"><br \/><\/span><\/a><span style=\"font-weight: 400;\">\ud83d\udcf8 <\/span><b>[Instagram]<\/b><a href=\"https:\/\/www.instagram.com\/luminaskincenter\/\" rel=\"noopener\"> <span style=\"font-weight: 400;\">https:\/\/www.instagram.com\/luminaskincenter\/<\/span><span style=\"font-weight: 400;\"><br \/><\/span><\/a><span style=\"font-weight: 400;\">\ud83d\udcd8 <\/span><b>[Facebook]<\/b><a href=\"https:\/\/www.facebook.com\/luminaskincenter\" rel=\"noopener\"> <span style=\"font-weight: 400;\">https:\/\/www.facebook.com\/luminaskincenter<\/span><\/a><\/p>\n<p><span style=\"font-weight: 400;\">En nuestras plataformas encontrar\u00e1s todo lo que necesitas para integrar tus productos en una rutina efectiva y disfrutar de sus beneficios al m\u00e1ximo. Tambi\u00e9n estar\u00e9 compartiendo tips exclusivos para mantener tu piel radiante y tu energ\u00eda equilibrada.<\/span><\/p>\n<p><span style=\"font-weight: 400;\">Si tienes alguna pregunta o necesitas ayuda, <\/span><b>\u00a1no dudes en escribirme!<\/b><span style=\"font-weight: 400;\"> Estoy aqu\u00ed para apoyarte y asegurarme de que tengas una experiencia maravillosa con tus nuevos productos.<\/span><\/p>\n<p><b>Con cari\u00f1o,<\/b><b><br \/><\/b><i><span style=\"font-weight: 400;\">Cecilia Galeano<\/span><\/i><i><span style=\"font-weight: 400;\"><br \/><\/span><\/i><span style=\"font-weight: 400;\">\u2728 <\/span><b>La mente y el coraz\u00f3n de Lumina Skin<\/b><span style=\"font-weight: 400;\"> \u2728<\/span><\/p>\n<p><b>P.D.:<\/b><span style=\"font-weight: 400;\"> Cada minuto que dedicas a tu bienestar es un paso hacia una versi\u00f3n m\u00e1s radiante de ti. <\/span><b>\u00a1Tu piel y tu energ\u00eda te lo agradecer\u00e1n!<\/b><span style=\"font-weight: 400;\"> \ud83d\udc95<\/span><\/p>\t\t\t\t\t\t\t\t<\/div>\n\t\t\t\t<\/div>\n\t\t\t\t<\/div>\n\t\t<div class=\"elementor-element elementor-element-5a0a1f1 e-con-full e-flex wpr-particle-no wpr-jarallax-no wpr-parallax-no wpr-sticky-section-no wpr-equal-height-no e-con e-child\" data-id=\"5a0a1f1\" data-element_type=\"container\" data-e-type=\"container\">\n\t\t\t\t<div class=\"elementor-element elementor-element-6ff935c elementor-widget elementor-widget-text-editor\" data-id=\"6ff935c\" data-element_type=\"widget\" data-e-type=\"widget\" data-widget_type=\"text-editor.default\">\n\t\t\t\t<div class=\"elementor-widget-container\">\n\t\t\t\t\t\t\t\t\tEstos son los detalles de tu pedido:\t\t\t\t\t\t\t\t<\/div>\n\t\t\t\t<\/div>\n\t\t\t\t<div class=\"elementor-element elementor-element-1aadc87 elementor-widget elementor-widget-shortcode\" data-id=\"1aadc87\" data-element_type=\"widget\" data-e-type=\"widget\" data-widget_type=\"shortcode.default\">\n\t\t\t\t<div class=\"elementor-widget-container\">\n\t\t\t\t\t\t\t<div class=\"elementor-shortcode\"><\/div>\n\t\t\t\t\t\t<\/div>\n\t\t\t\t<\/div>\n\t\t\t\t<\/div>\n\t\t\t\t\t<\/div>\n\t\t\t\t<\/div>\n\t\t\t\t<\/div>\n\t\t","protected":false},"excerpt":{"rendered":"<p>\u00a1Gracias por tu compra! \ud83c\udf1f Tu camino hacia el cuidado natural comienza aqu\u00ed Estos son los detalles de tu pedido:<\/p>","protected":false},"author":3,"featured_media":0,"parent":0,"menu_order":0,"comment_status":"closed","ping_status":"closed","template":"","meta":{"_acf_changed":false,"site-sidebar-layout":"default","site-content-layout":"","ast-site-content-layout":"default","site-content-style":"default","site-sidebar-style":"default","ast-global-header-display":"","ast-banner-title-visibility":"","ast-main-header-display":"","ast-hfb-above-header-display":"","ast-hfb-below-header-display":"","ast-hfb-mobile-header-display":"","site-post-title":"","ast-breadcrumbs-content":"","ast-featured-img":"","footer-sml-layout":"","ast-disable-related-posts":"","theme-transparent-header-meta":"","adv-header-id-meta":"","stick-header-meta":"","header-above-stick-meta":"","header-main-stick-meta":"","header-below-stick-meta":"","astra-migrate-meta-layouts":"set","ast-page-background-enabled":"default","ast-page-background-meta":{"desktop":{"background-color":"var(--ast-global-color-4)","background-image":"","background-repeat":"repeat","background-position":"center center","background-size":"auto","background-attachment":"scroll","background-type":"","background-media":"","overlay-type":"","overlay-color":"","overlay-opacity":"","overlay-gradient":""},"tablet":{"background-color":"","background-image":"","background-repeat":"repeat","background-position":"center center","background-size":"auto","background-attachment":"scroll","background-type":"","background-media":"","overlay-type":"","overlay-color":"","overlay-opacity":"","overlay-gradient":""},"mobile":{"background-color":"","background-image":"","background-repeat":"repeat","background-position":"center center","background-size":"auto","background-attachment":"scroll","background-type":"","background-media":"","overlay-type":"","overlay-color":"","overlay-opacity":"","overlay-gradient":""}},"ast-content-background-meta":{"desktop":{"background-color":"var(--ast-global-color-5)","background-image":"","background-repeat":"repeat","background-position":"center center","background-size":"auto","background-attachment":"scroll","background-type":"","background-media":"","overlay-type":"","overlay-color":"","overlay-opacity":"","overlay-gradient":""},"tablet":{"background-color":"var(--ast-global-color-5)","background-image":"","background-repeat":"repeat","background-position":"center center","background-size":"auto","background-attachment":"scroll","background-type":"","background-media":"","overlay-type":"","overlay-color":"","overlay-opacity":"","overlay-gradient":""},"mobile":{"background-color":"var(--ast-global-color-5)","background-image":"","background-repeat":"repeat","background-position":"center center","background-size":"auto","background-attachment":"scroll","background-type":"","background-media":"","overlay-type":"","overlay-color":"","overlay-opacity":"","overlay-gradient":""}},"_joinchat":[],"footnotes":""},"class_list":["post-6419","page","type-page","status-publish","hentry"],"acf":[],"_links":{"self":[{"href":"https:\/\/lumina-skin.com\/en\/wp-json\/wp\/v2\/pages\/6419","targetHints":{"allow":["GET"]}}],"collection":[{"href":"https:\/\/lumina-skin.com\/en\/wp-json\/wp\/v2\/pages"}],"about":[{"href":"https:\/\/lumina-skin.com\/en\/wp-json\/wp\/v2\/types\/page"}],"author":[{"embeddable":true,"href":"https:\/\/lumina-skin.com\/en\/wp-json\/wp\/v2\/users\/3"}],"replies":[{"embeddable":true,"href":"https:\/\/lumina-skin.com\/en\/wp-json\/wp\/v2\/comments?post=6419"}],"version-history":[{"count":21,"href":"https:\/\/lumina-skin.com\/en\/wp-json\/wp\/v2\/pages\/6419\/revisions"}],"predecessor-version":[{"id":8961,"href":"https:\/\/lumina-skin.com\/en\/wp-json\/wp\/v2\/pages\/6419\/revisions\/8961"}],"wp:attachment":[{"href":"https:\/\/lumina-skin.com\/en\/wp-json\/wp\/v2\/media?parent=6419"}],"curies":[{"name":"wp","href":"https:\/\/api.w.org\/{rel}","templated":true}]}}